{"id":7,"date":"2023-05-23T07:51:23","date_gmt":"2023-05-23T07:51:23","guid":{"rendered":"https:\/\/ki-kfzgutachter.de\/?page_id=7"},"modified":"2023-08-18T08:14:26","modified_gmt":"2023-08-18T08:14:26","slug":"startseite","status":"publish","type":"page","link":"https:\/\/ki-kfzgutachter.de\/","title":{"rendered":"Startseite"},"content":{"rendered":"\n<div class=\"wp-block-cover alignfull\" style=\"min-height:700px;aspect-ratio:unset;\"><span aria-hidden=\"true\" class=\"wp-block-cover__background has-background-dim-20 has-background-dim\"><\/span><img loading=\"lazy\" decoding=\"async\" width=\"2000\" height=\"1335\" class=\"wp-block-cover__image-background wp-image-105\" alt=\"\" src=\"https:\/\/ki-kfzgutachter.de\/wp-content\/uploads\/2023\/08\/leistungsstarke-scheinwerfer-partikelansicht-von-modernen-luxusautos-die-tagsueber-drinnen-geparkt-sind.jpg\" style=\"object-position:50% 64%\" data-object-fit=\"cover\" data-object-position=\"50% 64%\" srcset=\"https:\/\/ki-kfzgutachter.de\/wp-content\/uploads\/2023\/08\/leistungsstarke-scheinwerfer-partikelansicht-von-modernen-luxusautos-die-tagsueber-drinnen-geparkt-sind.jpg 2000w, https:\/\/ki-kfzgutachter.de\/wp-content\/uploads\/2023\/08\/leistungsstarke-scheinwerfer-partikelansicht-von-modernen-luxusautos-die-tagsueber-drinnen-geparkt-sind-300x200.jpg 300w, https:\/\/ki-kfzgutachter.de\/wp-content\/uploads\/2023\/08\/leistungsstarke-scheinwerfer-partikelansicht-von-modernen-luxusautos-die-tagsueber-drinnen-geparkt-sind-1024x684.jpg 1024w, https:\/\/ki-kfzgutachter.de\/wp-content\/uploads\/2023\/08\/leistungsstarke-scheinwerfer-partikelansicht-von-modernen-luxusautos-die-tagsueber-drinnen-geparkt-sind-768x513.jpg 768w, https:\/\/ki-kfzgutachter.de\/wp-content\/uploads\/2023\/08\/leistungsstarke-scheinwerfer-partikelansicht-von-modernen-luxusautos-die-tagsueber-drinnen-geparkt-sind-1536x1025.jpg 1536w, https:\/\/ki-kfzgutachter.de\/wp-content\/uploads\/2023\/08\/leistungsstarke-scheinwerfer-partikelansicht-von-modernen-luxusautos-die-tagsueber-drinnen-geparkt-sind-930x620.jpg 930w\" sizes=\"auto, (max-width: 2000px) 100vw, 2000px\" \/><div class=\"wp-block-cover__inner-container is-layout-flow wp-block-cover-is-layout-flow\">\n<div style=\"height:80px\" aria-hidden=\"true\" class=\"wp-block-spacer\"><\/div>\n\n\n\n<h1 class=\"wp-block-heading has-text-align-center has-nv-site-bg-color has-text-color\">Wenn es kracht,<br>sind wir f\u00fcr Sie da!<\/h1>\n\n\n\n<p class=\"has-text-align-center has-nv-site-bg-color has-text-color\" style=\"font-size:17px\">Kraftfahrzeugtechnikermeister<br>Gemeinsam \u00fcber 50 Jahre Berufserfahrung im Bereich PKW &amp; LKW<\/p>\n\n\n\n<div class=\"wp-block-buttons is-content-justification-center is-layout-flex wp-container-core-buttons-is-layout-16018d1d wp-block-buttons-is-layout-flex\">\n<div class=\"wp-block-button is-style-primary\"><a class=\"wp-block-button__link wp-element-button\" href=\"https:\/\/ki-kfzgutachter.de\/index.php\/portfolio\">LEISTUNGEN<\/a><\/div>\n\n\n\n<div class=\"wp-block-button is-style-default\"><a class=\"wp-block-button__link has-nv-dark-bg-color has-nv-light-bg-background-color has-text-color has-background wp-element-button\" href=\"https:\/\/ki-kfzgutachter.de\/index.php\/unsere-geschichte\" target=\"_blank\" rel=\"noreferrer noopener\">UNSERE GESCHICHTE<\/a><\/div>\n<\/div>\n\n\n\n<div style=\"height:80px\" aria-hidden=\"true\" class=\"wp-block-spacer\"><\/div>\n\n\n\n<p><\/p>\n<\/div><\/div>\n\n\n\n<div style=\"height:80px\" aria-hidden=\"true\" class=\"wp-block-spacer\"><\/div>\n\n\n\n<div class=\"wp-block-columns is-layout-flex wp-container-core-columns-is-layout-9d6595d7 wp-block-columns-is-layout-flex\">\n<div class=\"wp-block-column is-layout-flow wp-block-column-is-layout-flow\"><div class=\"wp-block-image icon-style is-style-default\">\n<figure class=\"aligncenter is-resized\"><img loading=\"lazy\" decoding=\"async\" src=\"https:\/\/ki-kfzgutachter.de\/wp-content\/themes\/neve\/assets\/img\/starter-content\/icon-03.svg\" alt=\"\" style=\"width:48px;height:48px\" width=\"48\" height=\"48\"\/><\/figure>\n<\/div>\n\n\n<h3 class=\"wp-block-heading has-text-align-center has-neve-text-color-color has-text-color\">Erfahrung<\/h3>\n\n\n\n<p class=\"has-text-align-center\">Gemeinsam \u00fcber 50 Jahre Berufserfahrung im KFZ-Bereich<\/p>\n\n\n\n<div style=\"height:20px\" aria-hidden=\"true\" class=\"wp-block-spacer\"><\/div>\n<\/div>\n\n\n\n<div class=\"wp-block-column is-layout-flow wp-block-column-is-layout-flow\"><div class=\"wp-block-image icon-style is-style-default\">\n<figure class=\"aligncenter is-resized\"><img loading=\"lazy\" decoding=\"async\" src=\"https:\/\/ki-kfzgutachter.de\/wp-content\/themes\/neve\/assets\/img\/starter-content\/icon-02.svg\" alt=\"\" style=\"width:48px;height:48px\" width=\"48\" height=\"48\"\/><\/figure>\n<\/div>\n\n\n<h3 class=\"wp-block-heading has-text-align-center has-neve-text-color-color has-text-color\">Qualit\u00e4t<\/h3>\n\n\n\n<p class=\"has-text-align-center\">Pr\u00e4zise Expertise und erstklassige <br>Servicequalit\u00e4t f\u00fcr Ihre Bed\u00fcrfnisse<\/p>\n\n\n\n<div style=\"height:20px\" aria-hidden=\"true\" class=\"wp-block-spacer\"><\/div>\n<\/div>\n\n\n\n<div class=\"wp-block-column is-layout-flow wp-block-column-is-layout-flow\"><div class=\"wp-block-image icon-style is-style-rounded\">\n<figure class=\"aligncenter is-resized\"><img loading=\"lazy\" decoding=\"async\" src=\"https:\/\/ki-kfzgutachter.de\/wp-content\/themes\/neve\/assets\/img\/starter-content\/icon-01.svg\" alt=\"\" style=\"width:48px;height:48px\" width=\"48\" height=\"48\"\/><\/figure>\n<\/div>\n\n\n<h3 class=\"wp-block-heading has-text-align-center has-neve-text-color-color has-text-color\">Schnelle Hilfe<\/h3>\n\n\n\n<p class=\"has-text-align-center\">Schnelle Hilfe und sichere Unterst\u00fctzung durch unsere Expertise<\/p>\n\n\n\n<div style=\"height:20px\" aria-hidden=\"true\" class=\"wp-block-spacer\"><\/div>\n<\/div>\n<\/div>\n\n\n\n<div style=\"height:80px\" aria-hidden=\"true\" class=\"wp-block-spacer\"><\/div>\n\n\n\n<div class=\"wp-block-cover alignfull\" style=\"min-height:600px;aspect-ratio:unset;\"><span aria-hidden=\"true\" class=\"wp-block-cover__background has-neve-text-color-background-color has-background-dim-100 has-background-dim\"><\/span><div class=\"wp-block-cover__inner-container is-layout-flow wp-block-cover-is-layout-flow\">\n<div class=\"wp-block-group\"><div class=\"wp-block-group__inner-container is-layout-flow wp-block-group-is-layout-flow\">\n<div style=\"height:80px\" aria-hidden=\"true\" class=\"wp-block-spacer\"><\/div>\n\n\n\n<div class=\"wp-block-columns are-vertically-aligned-center is-layout-flex wp-container-core-columns-is-layout-9d6595d7 wp-block-columns-is-layout-flex\">\n<div class=\"wp-block-column is-vertically-aligned-center is-layout-flow wp-block-column-is-layout-flow\" style=\"flex-basis:50%\">\n<h2 class=\"wp-block-heading has-text-align-left has-nv-site-bg-color has-text-color\">Wenn es kracht, sind wir f\u00fcr Sie da!<\/h2>\n\n\n\n<p>Wir sind f\u00fcr Sie da, wenn Sie uns brauchen! Neutral und unabh\u00e4ngig!<br>Wir unterst\u00fctzen Sie im Schadensfall, aber auch f\u00fcr eine Fahrzeugbewertung sind wir Ihr richtiger Ansprechpartner.<br>Unsere Leistungen bestehen aus: <br>&#8211; Schadengutachten<br>&#8211; Kurzgutachten (KVA)<br>&#8211; Wertgutachten<br>&#8211; Fahrzeugbewertungen<\/p>\n\n\n\n<p>F\u00fcr weitere Informationen zu uns und unseren Leistungen, melden Sie sich gerne bei uns.<\/p>\n\n\n\n<div class=\"wp-block-buttons is-content-justification-left is-layout-flex wp-container-core-buttons-is-layout-fdcfc74e wp-block-buttons-is-layout-flex\">\n<div class=\"wp-block-button is-style-primary\"><a class=\"wp-block-button__link wp-element-button\" href=\"mailto:info@ki-kfzgutachter.de\">Kontakt<\/a><\/div>\n<\/div>\n\n\n\n<div style=\"height:40px\" aria-hidden=\"true\" class=\"wp-block-spacer\"><\/div>\n<\/div>\n\n\n\n<div class=\"wp-block-column is-vertically-aligned-center is-layout-flow wp-block-column-is-layout-flow\" style=\"flex-basis:50%\">\n<figure class=\"wp-block-image size-full\"><img loading=\"lazy\" decoding=\"async\" width=\"500\" height=\"500\" src=\"https:\/\/ki-kfzgutachter.de\/wp-content\/uploads\/2023\/08\/businessman-pointing-finger-analyzing-statistics-financial-graph.jpg\" alt=\"\" class=\"wp-image-101\" srcset=\"https:\/\/ki-kfzgutachter.de\/wp-content\/uploads\/2023\/08\/businessman-pointing-finger-analyzing-statistics-financial-graph.jpg 500w, https:\/\/ki-kfzgutachter.de\/wp-content\/uploads\/2023\/08\/businessman-pointing-finger-analyzing-statistics-financial-graph-300x300.jpg 300w, https:\/\/ki-kfzgutachter.de\/wp-content\/uploads\/2023\/08\/businessman-pointing-finger-analyzing-statistics-financial-graph-150x150.jpg 150w\" sizes=\"auto, (max-width: 500px) 100vw, 500px\" \/><\/figure>\n<\/div>\n<\/div>\n\n\n\n<div style=\"height:40px\" aria-hidden=\"true\" class=\"wp-block-spacer\"><\/div>\n<\/div><\/div>\n<\/div><\/div>\n\n\n\n<div class=\"wp-block-cover alignfull\" style=\"min-height:420px;aspect-ratio:unset;\"><span aria-hidden=\"true\" class=\"wp-block-cover__background has-nv-site-bg-background-color has-background-dim-100 has-background-dim\"><\/span><div class=\"wp-block-cover__inner-container is-layout-flow wp-block-cover-is-layout-flow\">\n<div style=\"height:80px\" aria-hidden=\"true\" class=\"wp-block-spacer\"><\/div>\n\n\n\n<div class=\"wp-block-columns is-layout-flex wp-container-core-columns-is-layout-9d6595d7 wp-block-columns-is-layout-flex\">\n<div class=\"wp-block-column ticss-4ce656f1 is-layout-flow wp-block-column-is-layout-flow\"><div class=\"wp-block-image icon-style is-style-rounded\">\n<figure class=\"aligncenter is-resized\"><img loading=\"lazy\" decoding=\"async\" src=\"https:\/\/ki-kfzgutachter.de\/wp-content\/themes\/neve\/assets\/img\/starter-content\/icon-03.svg\" alt=\"\" style=\"width:48px;height:48px\" width=\"48\" height=\"48\"\/><\/figure>\n<\/div>\n\n\n<h3 class=\"wp-block-heading has-text-align-center has-neve-text-color-color has-text-color\">Effizient<\/h3>\n\n\n\n<p class=\"has-text-align-center has-neve-text-color-color has-text-color\" style=\"font-size:15px\">Effiziente Gutachtenerstellung, um Ihnen zeitnah pr\u00e4zise Informationen f\u00fcr Ihre KFZ-Anliegen zu liefern<\/p>\n\n\n\n<div style=\"height:20px\" aria-hidden=\"true\" class=\"wp-block-spacer\"><\/div>\n<\/div>\n\n\n\n<div class=\"wp-block-column ticss-f6fc7494 is-layout-flow wp-block-column-is-layout-flow\"><div class=\"wp-block-image icon-style is-style-rounded\">\n<figure class=\"aligncenter is-resized\"><img loading=\"lazy\" decoding=\"async\" src=\"https:\/\/ki-kfzgutachter.de\/wp-content\/themes\/neve\/assets\/img\/starter-content\/icon-03.svg\" alt=\"\" style=\"width:48px;height:48px\" width=\"48\" height=\"48\"\/><\/figure>\n<\/div>\n\n\n<h3 class=\"wp-block-heading has-text-align-center has-neve-text-color-color has-text-color\">Zuverl\u00e4ssig<\/h3>\n\n\n\n<p class=\"has-text-align-center has-neve-text-color-color has-text-color\" style=\"font-size:15px\">Vertrauen Sie auf unsere zuverl\u00e4ssige Gutachterdienstleistung, um Ihnen stets genaue und verl\u00e4ssliche Ergebnisse f\u00fcr Ihre KFZ-Belange zu bieten<\/p>\n\n\n\n<div style=\"height:20px\" aria-hidden=\"true\" class=\"wp-block-spacer\"><\/div>\n<\/div>\n\n\n\n<div class=\"wp-block-column ticss-a5b4df29 is-layout-flow wp-block-column-is-layout-flow\"><div class=\"wp-block-image icon-style is-style-rounded\">\n<figure class=\"aligncenter is-resized\"><img loading=\"lazy\" decoding=\"async\" src=\"https:\/\/ki-kfzgutachter.de\/wp-content\/themes\/neve\/assets\/img\/starter-content\/icon-03.svg\" alt=\"\" style=\"width:48px;height:48px\" width=\"48\" height=\"48\"\/><\/figure>\n<\/div>\n\n\n<h3 class=\"wp-block-heading has-text-align-center has-neve-text-color-color has-text-color\">Kompetent<\/h3>\n\n\n\n<p class=\"has-text-align-center has-neve-text-color-color has-text-color\" style=\"font-size:15px\">Profitieren Sie von unserer langj\u00e4hrigen Erfahrung als KFZ-Gutachter, die Ihnen kompetente und sachkundige Unterst\u00fctzung garantiert<\/p>\n\n\n\n<div style=\"height:20px\" aria-hidden=\"true\" class=\"wp-block-spacer\"><\/div>\n<\/div>\n<\/div>\n\n\n\n<div style=\"height:30px\" aria-hidden=\"true\" class=\"wp-block-spacer\"><\/div>\n<\/div><\/div>\n\n\n\n<p class=\"has-text-align-center has-small-font-size\">Bilder von standret auf Freepik \/ Bilder von jcomp auf Freepik<\/p>\n","protected":false},"excerpt":{"rendered":"<p>Erfahrung Gemeinsam \u00fcber 50 Jahre Berufserfahrung im KFZ-Bereich Qualit\u00e4t Pr\u00e4zise Expertise und erstklassige Servicequalit\u00e4t f\u00fcr Ihre Bed\u00fcrfnisse Schnelle Hilfe Schnelle Hilfe und sichere Unterst\u00fctzung durch unsere Expertise Bilder von standret auf Freepik \/ Bilder von jcomp auf Freepik<\/p>\n","protected":false},"author":1,"featured_media":15,"parent":0,"menu_order":0,"comment_status":"closed","ping_status":"closed","template":"","meta":{"neve_meta_sidebar":"","neve_meta_container":"","neve_meta_enable_content_width":"on","neve_meta_content_width":100,"neve_meta_title_alignment":"","neve_meta_author_avatar":"","neve_post_elements_order":"","neve_meta_disable_header":"","neve_meta_disable_footer":"","neve_meta_disable_title":"on","footnotes":""},"class_list":["post-7","page","type-page","status-publish","has-post-thumbnail","hentry"],"yoast_head":"<!-- This site is optimized with the Yoast SEO plugin v20.13 - https:\/\/yoast.com\/wordpress\/plugins\/seo\/ -->\n<title>Startseite - Kraftfahrzeugtechnikermeister<\/title>\n<meta name=\"description\" content=\"Kraftfahrzeugtechnikermeister, wenn es kracht, sind wir f\u00fcr Sie da! Gemeinsam \u00fcber 50 Jahre Berufserfahrung im Bereich PKW &amp; LKW\" \/>\n<meta name=\"robots\" content=\"index, follow, max-snippet:-1, max-image-preview:large, max-video-preview:-1\" \/>\n<link rel=\"canonical\" href=\"https:\/\/ki-kfzgutachter.de\/\" \/>\n<meta property=\"og:locale\" content=\"de_DE\" \/>\n<meta property=\"og:type\" content=\"article\" \/>\n<meta property=\"og:title\" content=\"Startseite - Kraftfahrzeugtechnikermeister\" \/>\n<meta property=\"og:description\" content=\"Kraftfahrzeugtechnikermeister, wenn es kracht, sind wir f\u00fcr Sie da! Gemeinsam \u00fcber 50 Jahre Berufserfahrung im Bereich PKW &amp; LKW\" \/>\n<meta property=\"og:url\" content=\"https:\/\/ki-kfzgutachter.de\/\" \/>\n<meta property=\"og:site_name\" content=\"KI-kfzgutachter\" \/>\n<meta property=\"article:modified_time\" content=\"2023-08-18T08:14:26+00:00\" \/>\n<meta property=\"og:image\" content=\"https:\/\/ki-kfzgutachter.de\/wp-content\/uploads\/2023\/05\/cropped-Logo_KI.png\" \/>\n\t<meta property=\"og:image:width\" content=\"200\" \/>\n\t<meta property=\"og:image:height\" content=\"112\" \/>\n\t<meta property=\"og:image:type\" content=\"image\/png\" \/>\n<meta name=\"twitter:card\" content=\"summary_large_image\" \/>\n<meta name=\"twitter:label1\" content=\"Gesch\u00e4tzte Lesezeit\" \/>\n\t<meta name=\"twitter:data1\" content=\"3\u00a0Minuten\" \/>\n<script type=\"application\/ld+json\" class=\"yoast-schema-graph\">{\"@context\":\"https:\/\/schema.org\",\"@graph\":[{\"@type\":\"WebPage\",\"@id\":\"https:\/\/ki-kfzgutachter.de\/\",\"url\":\"https:\/\/ki-kfzgutachter.de\/\",\"name\":\"Startseite - Kraftfahrzeugtechnikermeister\",\"isPartOf\":{\"@id\":\"https:\/\/ki-kfzgutachter.de\/#website\"},\"datePublished\":\"2023-05-23T07:51:23+00:00\",\"dateModified\":\"2023-08-18T08:14:26+00:00\",\"description\":\"Kraftfahrzeugtechnikermeister, wenn es kracht, sind wir f\u00fcr Sie da! Gemeinsam \u00fcber 50 Jahre Berufserfahrung im Bereich PKW & LKW\",\"breadcrumb\":{\"@id\":\"https:\/\/ki-kfzgutachter.de\/#breadcrumb\"},\"inLanguage\":\"de\",\"potentialAction\":[{\"@type\":\"ReadAction\",\"target\":[\"https:\/\/ki-kfzgutachter.de\/\"]}]},{\"@type\":\"BreadcrumbList\",\"@id\":\"https:\/\/ki-kfzgutachter.de\/#breadcrumb\",\"itemListElement\":[{\"@type\":\"ListItem\",\"position\":1,\"name\":\"Startseite\",\"item\":\"https:\/\/ki-kfzgutachter.de\/\"},{\"@type\":\"ListItem\",\"position\":2,\"name\":\"Startseite\"}]},{\"@type\":\"WebSite\",\"@id\":\"https:\/\/ki-kfzgutachter.de\/#website\",\"url\":\"https:\/\/ki-kfzgutachter.de\/\",\"name\":\"KI-kfzgutachter\",\"description\":\"\",\"publisher\":{\"@id\":\"https:\/\/ki-kfzgutachter.de\/#organization\"},\"potentialAction\":[{\"@type\":\"SearchAction\",\"target\":{\"@type\":\"EntryPoint\",\"urlTemplate\":\"https:\/\/ki-kfzgutachter.de\/?s={search_term_string}\"},\"query-input\":\"required name=search_term_string\"}],\"inLanguage\":\"de\"},{\"@type\":\"Organization\",\"@id\":\"https:\/\/ki-kfzgutachter.de\/#organization\",\"name\":\"KI-kfzgutachter\",\"url\":\"https:\/\/ki-kfzgutachter.de\/\",\"logo\":{\"@type\":\"ImageObject\",\"inLanguage\":\"de\",\"@id\":\"https:\/\/ki-kfzgutachter.de\/#\/schema\/logo\/image\/\",\"url\":\"\",\"contentUrl\":\"\",\"caption\":\"KI-kfzgutachter\"},\"image\":{\"@id\":\"https:\/\/ki-kfzgutachter.de\/#\/schema\/logo\/image\/\"}}]}<\/script>\n<!-- \/ Yoast SEO plugin. -->","yoast_head_json":{"title":"Startseite - Kraftfahrzeugtechnikermeister","description":"Kraftfahrzeugtechnikermeister, wenn es kracht, sind wir f\u00fcr Sie da! Gemeinsam \u00fcber 50 Jahre Berufserfahrung im Bereich PKW & LKW","robots":{"index":"index","follow":"follow","max-snippet":"max-snippet:-1","max-image-preview":"max-image-preview:large","max-video-preview":"max-video-preview:-1"},"canonical":"https:\/\/ki-kfzgutachter.de\/","og_locale":"de_DE","og_type":"article","og_title":"Startseite - Kraftfahrzeugtechnikermeister","og_description":"Kraftfahrzeugtechnikermeister, wenn es kracht, sind wir f\u00fcr Sie da! Gemeinsam \u00fcber 50 Jahre Berufserfahrung im Bereich PKW & LKW","og_url":"https:\/\/ki-kfzgutachter.de\/","og_site_name":"KI-kfzgutachter","article_modified_time":"2023-08-18T08:14:26+00:00","og_image":[{"width":200,"height":112,"url":"https:\/\/ki-kfzgutachter.de\/wp-content\/uploads\/2023\/05\/cropped-Logo_KI.png","type":"image\/png"}],"twitter_card":"summary_large_image","twitter_misc":{"Gesch\u00e4tzte Lesezeit":"3\u00a0Minuten"},"schema":{"@context":"https:\/\/schema.org","@graph":[{"@type":"WebPage","@id":"https:\/\/ki-kfzgutachter.de\/","url":"https:\/\/ki-kfzgutachter.de\/","name":"Startseite - Kraftfahrzeugtechnikermeister","isPartOf":{"@id":"https:\/\/ki-kfzgutachter.de\/#website"},"datePublished":"2023-05-23T07:51:23+00:00","dateModified":"2023-08-18T08:14:26+00:00","description":"Kraftfahrzeugtechnikermeister, wenn es kracht, sind wir f\u00fcr Sie da! Gemeinsam \u00fcber 50 Jahre Berufserfahrung im Bereich PKW & LKW","breadcrumb":{"@id":"https:\/\/ki-kfzgutachter.de\/#breadcrumb"},"inLanguage":"de","potentialAction":[{"@type":"ReadAction","target":["https:\/\/ki-kfzgutachter.de\/"]}]},{"@type":"BreadcrumbList","@id":"https:\/\/ki-kfzgutachter.de\/#breadcrumb","itemListElement":[{"@type":"ListItem","position":1,"name":"Startseite","item":"https:\/\/ki-kfzgutachter.de\/"},{"@type":"ListItem","position":2,"name":"Startseite"}]},{"@type":"WebSite","@id":"https:\/\/ki-kfzgutachter.de\/#website","url":"https:\/\/ki-kfzgutachter.de\/","name":"KI-kfzgutachter","description":"","publisher":{"@id":"https:\/\/ki-kfzgutachter.de\/#organization"},"potentialAction":[{"@type":"SearchAction","target":{"@type":"EntryPoint","urlTemplate":"https:\/\/ki-kfzgutachter.de\/?s={search_term_string}"},"query-input":"required name=search_term_string"}],"inLanguage":"de"},{"@type":"Organization","@id":"https:\/\/ki-kfzgutachter.de\/#organization","name":"KI-kfzgutachter","url":"https:\/\/ki-kfzgutachter.de\/","logo":{"@type":"ImageObject","inLanguage":"de","@id":"https:\/\/ki-kfzgutachter.de\/#\/schema\/logo\/image\/","url":"","contentUrl":"","caption":"KI-kfzgutachter"},"image":{"@id":"https:\/\/ki-kfzgutachter.de\/#\/schema\/logo\/image\/"}}]}},"_links":{"self":[{"href":"https:\/\/ki-kfzgutachter.de\/index.php\/wp-json\/wp\/v2\/pages\/7","targetHints":{"allow":["GET"]}}],"collection":[{"href":"https:\/\/ki-kfzgutachter.de\/index.php\/wp-json\/wp\/v2\/pages"}],"about":[{"href":"https:\/\/ki-kfzgutachter.de\/index.php\/wp-json\/wp\/v2\/types\/page"}],"author":[{"embeddable":true,"href":"https:\/\/ki-kfzgutachter.de\/index.php\/wp-json\/wp\/v2\/users\/1"}],"replies":[{"embeddable":true,"href":"https:\/\/ki-kfzgutachter.de\/index.php\/wp-json\/wp\/v2\/comments?post=7"}],"version-history":[{"count":37,"href":"https:\/\/ki-kfzgutachter.de\/index.php\/wp-json\/wp\/v2\/pages\/7\/revisions"}],"predecessor-version":[{"id":180,"href":"https:\/\/ki-kfzgutachter.de\/index.php\/wp-json\/wp\/v2\/pages\/7\/revisions\/180"}],"wp:featuredmedia":[{"embeddable":true,"href":"https:\/\/ki-kfzgutachter.de\/index.php\/wp-json\/wp\/v2\/media\/15"}],"wp:attachment":[{"href":"https:\/\/ki-kfzgutachter.de\/index.php\/wp-json\/wp\/v2\/media?parent=7"}],"curies":[{"name":"wp","href":"https:\/\/api.w.org\/{rel}","templated":true}]}}