{"id":8,"date":"2023-05-23T07:51:23","date_gmt":"2023-05-23T07:51:23","guid":{"rendered":"https:\/\/ki-kfzgutachter.de\/?page_id=8"},"modified":"2025-02-23T11:53:07","modified_gmt":"2025-02-23T11:53:07","slug":"unsere-geschichte","status":"publish","type":"page","link":"https:\/\/ki-kfzgutachter.de\/index.php\/unsere-geschichte\/","title":{"rendered":"Unsere Geschichte"},"content":{"rendered":"\n<div class=\"wp-block-cover alignfull\" style=\"min-height:930px;aspect-ratio:unset;\"><span aria-hidden=\"true\" class=\"wp-block-cover__background has-neve-text-color-background-color has-background-dim-100 has-background-dim\"><\/span><div class=\"wp-block-cover__inner-container is-layout-flow wp-block-cover-is-layout-flow\">\n<div class=\"wp-block-group\"><div class=\"wp-block-group__inner-container is-layout-flow wp-block-group-is-layout-flow\">\n<div style=\"height:80px\" aria-hidden=\"true\" class=\"wp-block-spacer\"><\/div>\n\n\n\n<div class=\"wp-block-columns are-vertically-aligned-center is-layout-flex wp-container-core-columns-is-layout-9d6595d7 wp-block-columns-is-layout-flex\">\n<div class=\"wp-block-column is-vertically-aligned-center is-layout-flow wp-block-column-is-layout-flow\" style=\"flex-basis:50%\">\n<figure class=\"wp-block-image size-full size-large\"><img loading=\"lazy\" decoding=\"async\" width=\"1062\" height=\"1062\" src=\"https:\/\/ki-kfzgutachter.de\/wp-content\/uploads\/2025\/02\/Logo_KI_QUADRAT.png\" alt=\"\" class=\"wp-image-189\" srcset=\"https:\/\/ki-kfzgutachter.de\/wp-content\/uploads\/2025\/02\/Logo_KI_QUADRAT.png 1062w, https:\/\/ki-kfzgutachter.de\/wp-content\/uploads\/2025\/02\/Logo_KI_QUADRAT-300x300.png 300w, https:\/\/ki-kfzgutachter.de\/wp-content\/uploads\/2025\/02\/Logo_KI_QUADRAT-1024x1024.png 1024w, https:\/\/ki-kfzgutachter.de\/wp-content\/uploads\/2025\/02\/Logo_KI_QUADRAT-150x150.png 150w, https:\/\/ki-kfzgutachter.de\/wp-content\/uploads\/2025\/02\/Logo_KI_QUADRAT-768x768.png 768w\" sizes=\"auto, (max-width: 1062px) 100vw, 1062px\" \/><\/figure>\n<\/div>\n\n\n\n<div class=\"wp-block-column is-vertically-aligned-center is-layout-flow wp-block-column-is-layout-flow\" style=\"flex-basis:50%\">\n<h2 class=\"wp-block-heading has-nv-site-bg-color has-text-color\">Unsere Geschichte<\/h2>\n\n\n\n<p class=\"has-nv-site-bg-color has-text-color has-medium-font-size\">Wir sind Ayhan Kolcu und Josip Ivanjko, beide gelernte Kraftfahrzeugtechnikermeister mit gemeinsam \u00fcber 50 Jahren Berufserfahrung im Bereich PKW und LKW. Kennengelernt haben wir uns 1998 beim Start unserer Ausbildung zum Kfz-Mechaniker, die wir 2002 mit dem Gesellenbrief beendet haben. Im Jahr 2010 haben wir erfolgreich unsere Pr\u00fcfung zum Kraftfahrzeugtechnikermeister bestanden. Zus\u00e4tzlich haben wir die Weiterbildung zum gepr\u00fcften und anerkannten KFZ-Sachverst\u00e4ndigen bei der Deutsche Sachverst\u00e4ndigen Gesellschaft (DESAG) erfolgreich absolviert. Qualit\u00e4t und Zuverl\u00e4ssigkeit stehen bei uns an erster Stelle. Durch unsere langj\u00e4hrige Erfahrung im Werkstattgesch\u00e4ft, unsere Zertifizierung zum gepr\u00fcften Automobil Serviceberater, st\u00e4ndige Weiterbildungen und unser fundiertes Wissen, profitieren Sie im Falle eines Schadens oder einer Bewertung. Wir unterst\u00fctzen Sie f\u00fcr eine reibungslose Schadensregulierung.<\/p>\n<\/div>\n<\/div>\n\n\n\n<div style=\"height:40px\" aria-hidden=\"true\" class=\"wp-block-spacer\"><\/div>\n<\/div><\/div>\n<\/div><\/div>\n\n\n\n<div class=\"wp-block-cover alignfull\" style=\"min-height:600px;aspect-ratio:unset;\"><span aria-hidden=\"true\" class=\"wp-block-cover__background has-nv-light-bg-background-color has-background-dim-100 has-background-dim\"><\/span><div class=\"wp-block-cover__inner-container is-layout-flow wp-block-cover-is-layout-flow\">\n<div class=\"wp-block-group\"><div class=\"wp-block-group__inner-container is-layout-flow wp-block-group-is-layout-flow\">\n<div style=\"height:80px\" aria-hidden=\"true\" class=\"wp-block-spacer\"><\/div>\n\n\n\n<div class=\"wp-block-columns is-layout-flex wp-container-core-columns-is-layout-9d6595d7 wp-block-columns-is-layout-flex\">\n<div class=\"wp-block-column is-layout-flow wp-block-column-is-layout-flow\"><div class=\"wp-block-image is-style-default\">\n<figure class=\"aligncenter size-full is-resized\"><img loading=\"lazy\" decoding=\"async\" width=\"1066\" height=\"1066\" src=\"https:\/\/ki-kfzgutachter.de\/wp-content\/uploads\/2025\/02\/Ayhan.png\" alt=\"\" class=\"wp-image-188\" style=\"width:395px;height:401px\" srcset=\"https:\/\/ki-kfzgutachter.de\/wp-content\/uploads\/2025\/02\/Ayhan.png 1066w, https:\/\/ki-kfzgutachter.de\/wp-content\/uploads\/2025\/02\/Ayhan-300x300.png 300w, https:\/\/ki-kfzgutachter.de\/wp-content\/uploads\/2025\/02\/Ayhan-1024x1024.png 1024w, https:\/\/ki-kfzgutachter.de\/wp-content\/uploads\/2025\/02\/Ayhan-150x150.png 150w, https:\/\/ki-kfzgutachter.de\/wp-content\/uploads\/2025\/02\/Ayhan-768x768.png 768w\" sizes=\"auto, (max-width: 1066px) 100vw, 1066px\" \/><\/figure>\n<\/div>\n\n\n<h3 class=\"wp-block-heading has-text-align-center has-neve-text-color-color has-text-color\">Ayhan Kolcu<\/h3>\n\n\n\n<p class=\"has-text-align-center has-neve-text-color-color has-text-color\">Kraftfahrzeugtechnikermeister<\/p>\n\n\n\n<ul class=\"wp-block-social-links aligncenter is-style-default is-layout-flex wp-block-social-links-is-layout-flex\"><li class=\"wp-social-link wp-social-link-mail  wp-block-social-link\"><a href=\"mailto:info@ki-kfzgutachter.de\" class=\"wp-block-social-link-anchor\"><svg width=\"24\" height=\"24\" viewBox=\"0 0 24 24\" version=\"1.1\" xmlns=\"http:\/\/www.w3.org\/2000\/svg\" aria-hidden=\"true\" focusable=\"false\"><path d=\"M19,5H5c-1.1,0-2,.9-2,2v10c0,1.1.9,2,2,2h14c1.1,0,2-.9,2-2V7c0-1.1-.9-2-2-2zm.5,12c0,.3-.2.5-.5.5H5c-.3,0-.5-.2-.5-.5V9.8l7.5,5.6,7.5-5.6V17zm0-9.1L12,13.6,4.5,7.9V7c0-.3.2-.5.5-.5h14c.3,0,.5.2.5.5v.9z\"><\/path><\/svg><span class=\"wp-block-social-link-label screen-reader-text\">E-Mail<\/span><\/a><\/li>\n\n<li class=\"wp-social-link wp-social-link-whatsapp  wp-block-social-link\"><a href=\"https:\/\/wa.me\/4901721987665\" class=\"wp-block-social-link-anchor\"><svg width=\"24\" height=\"24\" viewBox=\"0 0 24 24\" version=\"1.1\" xmlns=\"http:\/\/www.w3.org\/2000\/svg\" aria-hidden=\"true\" focusable=\"false\"><path d=\"M 12.011719 2 C 6.5057187 2 2.0234844 6.478375 2.0214844 11.984375 C 2.0204844 13.744375 2.4814687 15.462563 3.3554688 16.976562 L 2 22 L 7.2324219 20.763672 C 8.6914219 21.559672 10.333859 21.977516 12.005859 21.978516 L 12.009766 21.978516 C 17.514766 21.978516 21.995047 17.499141 21.998047 11.994141 C 22.000047 9.3251406 20.962172 6.8157344 19.076172 4.9277344 C 17.190172 3.0407344 14.683719 2.001 12.011719 2 z M 12.009766 4 C 14.145766 4.001 16.153109 4.8337969 17.662109 6.3417969 C 19.171109 7.8517969 20.000047 9.8581875 19.998047 11.992188 C 19.996047 16.396187 16.413812 19.978516 12.007812 19.978516 C 10.674812 19.977516 9.3544062 19.642812 8.1914062 19.007812 L 7.5175781 18.640625 L 6.7734375 18.816406 L 4.8046875 19.28125 L 5.2851562 17.496094 L 5.5019531 16.695312 L 5.0878906 15.976562 C 4.3898906 14.768562 4.0204844 13.387375 4.0214844 11.984375 C 4.0234844 7.582375 7.6067656 4 12.009766 4 z M 8.4765625 7.375 C 8.3095625 7.375 8.0395469 7.4375 7.8105469 7.6875 C 7.5815469 7.9365 6.9355469 8.5395781 6.9355469 9.7675781 C 6.9355469 10.995578 7.8300781 12.182609 7.9550781 12.349609 C 8.0790781 12.515609 9.68175 15.115234 12.21875 16.115234 C 14.32675 16.946234 14.754891 16.782234 15.212891 16.740234 C 15.670891 16.699234 16.690438 16.137687 16.898438 15.554688 C 17.106437 14.971687 17.106922 14.470187 17.044922 14.367188 C 16.982922 14.263188 16.816406 14.201172 16.566406 14.076172 C 16.317406 13.951172 15.090328 13.348625 14.861328 13.265625 C 14.632328 13.182625 14.464828 13.140625 14.298828 13.390625 C 14.132828 13.640625 13.655766 14.201187 13.509766 14.367188 C 13.363766 14.534188 13.21875 14.556641 12.96875 14.431641 C 12.71875 14.305641 11.914938 14.041406 10.960938 13.191406 C 10.218937 12.530406 9.7182656 11.714844 9.5722656 11.464844 C 9.4272656 11.215844 9.5585938 11.079078 9.6835938 10.955078 C 9.7955938 10.843078 9.9316406 10.663578 10.056641 10.517578 C 10.180641 10.371578 10.223641 10.267562 10.306641 10.101562 C 10.389641 9.9355625 10.347156 9.7890625 10.285156 9.6640625 C 10.223156 9.5390625 9.737625 8.3065 9.515625 7.8125 C 9.328625 7.3975 9.131125 7.3878594 8.953125 7.3808594 C 8.808125 7.3748594 8.6425625 7.375 8.4765625 7.375 z\"><\/path><\/svg><span class=\"wp-block-social-link-label screen-reader-text\">WhatsApp<\/span><\/a><\/li><\/ul>\n\n\n\n<div style=\"height:40px\" aria-hidden=\"true\" class=\"wp-block-spacer\"><\/div>\n<\/div>\n\n\n\n<div class=\"wp-block-column is-layout-flow wp-block-column-is-layout-flow\"><div class=\"wp-block-image is-style-default\">\n<figure class=\"aligncenter size-full is-resized\"><img loading=\"lazy\" decoding=\"async\" width=\"1066\" height=\"1066\" src=\"https:\/\/ki-kfzgutachter.de\/wp-content\/uploads\/2025\/02\/josip.png\" alt=\"\" class=\"wp-image-186\" style=\"width:395px;height:401px\" srcset=\"https:\/\/ki-kfzgutachter.de\/wp-content\/uploads\/2025\/02\/josip.png 1066w, https:\/\/ki-kfzgutachter.de\/wp-content\/uploads\/2025\/02\/josip-300x300.png 300w, https:\/\/ki-kfzgutachter.de\/wp-content\/uploads\/2025\/02\/josip-1024x1024.png 1024w, https:\/\/ki-kfzgutachter.de\/wp-content\/uploads\/2025\/02\/josip-150x150.png 150w, https:\/\/ki-kfzgutachter.de\/wp-content\/uploads\/2025\/02\/josip-768x768.png 768w\" sizes=\"auto, (max-width: 1066px) 100vw, 1066px\" \/><\/figure>\n<\/div>\n\n\n<h3 class=\"wp-block-heading has-text-align-center has-neve-text-color-color has-text-color\">Josip Ivanjko<\/h3>\n\n\n\n<p class=\"has-text-align-center has-neve-text-color-color has-text-color\">Kraftfahrzeugtechnikermeister<\/p>\n\n\n\n<ul class=\"wp-block-social-links aligncenter is-layout-flex wp-block-social-links-is-layout-flex\"><li class=\"wp-social-link wp-social-link-mail  wp-block-social-link\"><a href=\"mailto:info@ki-kfzgutachter.de\" class=\"wp-block-social-link-anchor\"><svg width=\"24\" height=\"24\" viewBox=\"0 0 24 24\" version=\"1.1\" xmlns=\"http:\/\/www.w3.org\/2000\/svg\" aria-hidden=\"true\" focusable=\"false\"><path d=\"M19,5H5c-1.1,0-2,.9-2,2v10c0,1.1.9,2,2,2h14c1.1,0,2-.9,2-2V7c0-1.1-.9-2-2-2zm.5,12c0,.3-.2.5-.5.5H5c-.3,0-.5-.2-.5-.5V9.8l7.5,5.6,7.5-5.6V17zm0-9.1L12,13.6,4.5,7.9V7c0-.3.2-.5.5-.5h14c.3,0,.5.2.5.5v.9z\"><\/path><\/svg><span class=\"wp-block-social-link-label screen-reader-text\">E-Mail<\/span><\/a><\/li>\n\n<li class=\"wp-social-link wp-social-link-whatsapp  wp-block-social-link\"><a href=\"https:\/\/wa.me\/49015123550710\" class=\"wp-block-social-link-anchor\"><svg width=\"24\" height=\"24\" viewBox=\"0 0 24 24\" version=\"1.1\" xmlns=\"http:\/\/www.w3.org\/2000\/svg\" aria-hidden=\"true\" focusable=\"false\"><path d=\"M 12.011719 2 C 6.5057187 2 2.0234844 6.478375 2.0214844 11.984375 C 2.0204844 13.744375 2.4814687 15.462563 3.3554688 16.976562 L 2 22 L 7.2324219 20.763672 C 8.6914219 21.559672 10.333859 21.977516 12.005859 21.978516 L 12.009766 21.978516 C 17.514766 21.978516 21.995047 17.499141 21.998047 11.994141 C 22.000047 9.3251406 20.962172 6.8157344 19.076172 4.9277344 C 17.190172 3.0407344 14.683719 2.001 12.011719 2 z M 12.009766 4 C 14.145766 4.001 16.153109 4.8337969 17.662109 6.3417969 C 19.171109 7.8517969 20.000047 9.8581875 19.998047 11.992188 C 19.996047 16.396187 16.413812 19.978516 12.007812 19.978516 C 10.674812 19.977516 9.3544062 19.642812 8.1914062 19.007812 L 7.5175781 18.640625 L 6.7734375 18.816406 L 4.8046875 19.28125 L 5.2851562 17.496094 L 5.5019531 16.695312 L 5.0878906 15.976562 C 4.3898906 14.768562 4.0204844 13.387375 4.0214844 11.984375 C 4.0234844 7.582375 7.6067656 4 12.009766 4 z M 8.4765625 7.375 C 8.3095625 7.375 8.0395469 7.4375 7.8105469 7.6875 C 7.5815469 7.9365 6.9355469 8.5395781 6.9355469 9.7675781 C 6.9355469 10.995578 7.8300781 12.182609 7.9550781 12.349609 C 8.0790781 12.515609 9.68175 15.115234 12.21875 16.115234 C 14.32675 16.946234 14.754891 16.782234 15.212891 16.740234 C 15.670891 16.699234 16.690438 16.137687 16.898438 15.554688 C 17.106437 14.971687 17.106922 14.470187 17.044922 14.367188 C 16.982922 14.263188 16.816406 14.201172 16.566406 14.076172 C 16.317406 13.951172 15.090328 13.348625 14.861328 13.265625 C 14.632328 13.182625 14.464828 13.140625 14.298828 13.390625 C 14.132828 13.640625 13.655766 14.201187 13.509766 14.367188 C 13.363766 14.534188 13.21875 14.556641 12.96875 14.431641 C 12.71875 14.305641 11.914938 14.041406 10.960938 13.191406 C 10.218937 12.530406 9.7182656 11.714844 9.5722656 11.464844 C 9.4272656 11.215844 9.5585938 11.079078 9.6835938 10.955078 C 9.7955938 10.843078 9.9316406 10.663578 10.056641 10.517578 C 10.180641 10.371578 10.223641 10.267562 10.306641 10.101562 C 10.389641 9.9355625 10.347156 9.7890625 10.285156 9.6640625 C 10.223156 9.5390625 9.737625 8.3065 9.515625 7.8125 C 9.328625 7.3975 9.131125 7.3878594 8.953125 7.3808594 C 8.808125 7.3748594 8.6425625 7.375 8.4765625 7.375 z\"><\/path><\/svg><span class=\"wp-block-social-link-label screen-reader-text\">WhatsApp<\/span><\/a><\/li><\/ul>\n\n\n\n<div style=\"height:40px\" aria-hidden=\"true\" class=\"wp-block-spacer\"><\/div>\n<\/div>\n<\/div>\n\n\n\n<div style=\"height:40px\" aria-hidden=\"true\" class=\"wp-block-spacer\"><\/div>\n<\/div><\/div>\n<\/div><\/div>\n","protected":false},"excerpt":{"rendered":"","protected":false},"author":1,"featured_media":0,"parent":0,"menu_order":0,"comment_status":"closed","ping_status":"closed","template":"","meta":{"neve_meta_sidebar":"","neve_meta_container":"","neve_meta_enable_content_width":"on","neve_meta_content_width":100,"neve_meta_title_alignment":"","neve_meta_author_avatar":"","neve_post_elements_order":"","neve_meta_disable_header":"","neve_meta_disable_footer":"","neve_meta_disable_title":"on","footnotes":""},"class_list":["post-8","page","type-page","status-publish","hentry"],"yoast_head":"<!-- This site is optimized with the Yoast SEO plugin v20.13 - https:\/\/yoast.com\/wordpress\/plugins\/seo\/ -->\n<title>Unsere Geschichte - KI-kfzgutachter<\/title>\n<meta name=\"description\" content=\"Unsere Geschichte - Wir sind Ayhan Kolcu und Josip Ivanjko, beide gelernte Kraftfahrzeugtechnikermeister mit gemeinsam \u00fcber 50 Jahren Berufserfahrung im Bereich PKW und LKW. Kennengelernt haben wir uns 1998 beim Start unserer Ausbildung zum Kfz-Mechaniker, die wir 2002 mit dem Gesellenbrief beendet haben. Im Jahr 2010 haben wir erfolgreich unsere Pr\u00fcfung zum Kraftfahrzeugtechnikermeister bestanden. Zus\u00e4tzlich haben wir die Weiterbildung zum gepr\u00fcften und anerkannten KFZ-Sachverst\u00e4ndigen bei der Deutsche Sachverst\u00e4ndigen Gesellschaft (DESAG) erfolgreich absolviert. Qualit\u00e4t und Zuverl\u00e4ssigkeit steht bei uns an erster Stelle. Durch unsere langj\u00e4hrige Erfahrung im Werkstattgesch\u00e4ft, unsere Zertifizierung zum gepr\u00fcften Automobil Serviceberater, st\u00e4ndige Weiterbildungen und unser fundiertes Wissen, profitieren Sie im Falle eines Schadens oder einer Bewertung. Wir unterst\u00fctzen Sie f\u00fcr eine reibungslose Schadensregulierung.\" \/>\n<meta name=\"robots\" content=\"index, follow, max-snippet:-1, max-image-preview:large, max-video-preview:-1\" \/>\n<link rel=\"canonical\" href=\"https:\/\/ki-kfzgutachter.de\/index.php\/unsere-geschichte\/\" \/>\n<meta property=\"og:locale\" content=\"de_DE\" \/>\n<meta property=\"og:type\" content=\"article\" \/>\n<meta property=\"og:title\" content=\"Unsere Geschichte - KI-kfzgutachter\" \/>\n<meta property=\"og:description\" content=\"Unsere Geschichte - Wir sind Ayhan Kolcu und Josip Ivanjko, beide gelernte Kraftfahrzeugtechnikermeister mit gemeinsam \u00fcber 50 Jahren Berufserfahrung im Bereich PKW und LKW. Kennengelernt haben wir uns 1998 beim Start unserer Ausbildung zum Kfz-Mechaniker, die wir 2002 mit dem Gesellenbrief beendet haben. Im Jahr 2010 haben wir erfolgreich unsere Pr\u00fcfung zum Kraftfahrzeugtechnikermeister bestanden. Zus\u00e4tzlich haben wir die Weiterbildung zum gepr\u00fcften und anerkannten KFZ-Sachverst\u00e4ndigen bei der Deutsche Sachverst\u00e4ndigen Gesellschaft (DESAG) erfolgreich absolviert. Qualit\u00e4t und Zuverl\u00e4ssigkeit steht bei uns an erster Stelle. Durch unsere langj\u00e4hrige Erfahrung im Werkstattgesch\u00e4ft, unsere Zertifizierung zum gepr\u00fcften Automobil Serviceberater, st\u00e4ndige Weiterbildungen und unser fundiertes Wissen, profitieren Sie im Falle eines Schadens oder einer Bewertung. Wir unterst\u00fctzen Sie f\u00fcr eine reibungslose Schadensregulierung.\" \/>\n<meta property=\"og:url\" content=\"https:\/\/ki-kfzgutachter.de\/index.php\/unsere-geschichte\/\" \/>\n<meta property=\"og:site_name\" content=\"KI-kfzgutachter\" \/>\n<meta property=\"article:modified_time\" content=\"2025-02-23T11:53:07+00:00\" \/>\n<meta property=\"og:image\" content=\"https:\/\/ki-kfzgutachter.de\/wp-content\/uploads\/2025\/02\/Logo_KI_QUADRAT.png\" \/>\n<meta name=\"twitter:card\" content=\"summary_large_image\" \/>\n<meta name=\"twitter:label1\" content=\"Gesch\u00e4tzte Lesezeit\" \/>\n\t<meta name=\"twitter:data1\" content=\"2\u00a0Minuten\" \/>\n<script type=\"application\/ld+json\" class=\"yoast-schema-graph\">{\"@context\":\"https:\/\/schema.org\",\"@graph\":[{\"@type\":\"WebPage\",\"@id\":\"https:\/\/ki-kfzgutachter.de\/index.php\/unsere-geschichte\/\",\"url\":\"https:\/\/ki-kfzgutachter.de\/index.php\/unsere-geschichte\/\",\"name\":\"Unsere Geschichte - KI-kfzgutachter\",\"isPartOf\":{\"@id\":\"https:\/\/ki-kfzgutachter.de\/#website\"},\"datePublished\":\"2023-05-23T07:51:23+00:00\",\"dateModified\":\"2025-02-23T11:53:07+00:00\",\"description\":\"Unsere Geschichte - Wir sind Ayhan Kolcu und Josip Ivanjko, beide gelernte Kraftfahrzeugtechnikermeister mit gemeinsam \u00fcber 50 Jahren Berufserfahrung im Bereich PKW und LKW. Kennengelernt haben wir uns 1998 beim Start unserer Ausbildung zum Kfz-Mechaniker, die wir 2002 mit dem Gesellenbrief beendet haben. Im Jahr 2010 haben wir erfolgreich unsere Pr\u00fcfung zum Kraftfahrzeugtechnikermeister bestanden. Zus\u00e4tzlich haben wir die Weiterbildung zum gepr\u00fcften und anerkannten KFZ-Sachverst\u00e4ndigen bei der Deutsche Sachverst\u00e4ndigen Gesellschaft (DESAG) erfolgreich absolviert. Qualit\u00e4t und Zuverl\u00e4ssigkeit steht bei uns an erster Stelle. Durch unsere langj\u00e4hrige Erfahrung im Werkstattgesch\u00e4ft, unsere Zertifizierung zum gepr\u00fcften Automobil Serviceberater, st\u00e4ndige Weiterbildungen und unser fundiertes Wissen, profitieren Sie im Falle eines Schadens oder einer Bewertung. Wir unterst\u00fctzen Sie f\u00fcr eine reibungslose Schadensregulierung.\",\"breadcrumb\":{\"@id\":\"https:\/\/ki-kfzgutachter.de\/index.php\/unsere-geschichte\/#breadcrumb\"},\"inLanguage\":\"de\",\"potentialAction\":[{\"@type\":\"ReadAction\",\"target\":[\"https:\/\/ki-kfzgutachter.de\/index.php\/unsere-geschichte\/\"]}]},{\"@type\":\"BreadcrumbList\",\"@id\":\"https:\/\/ki-kfzgutachter.de\/index.php\/unsere-geschichte\/#breadcrumb\",\"itemListElement\":[{\"@type\":\"ListItem\",\"position\":1,\"name\":\"Startseite\",\"item\":\"https:\/\/ki-kfzgutachter.de\/\"},{\"@type\":\"ListItem\",\"position\":2,\"name\":\"Unsere Geschichte\"}]},{\"@type\":\"WebSite\",\"@id\":\"https:\/\/ki-kfzgutachter.de\/#website\",\"url\":\"https:\/\/ki-kfzgutachter.de\/\",\"name\":\"KI-kfzgutachter\",\"description\":\"\",\"publisher\":{\"@id\":\"https:\/\/ki-kfzgutachter.de\/#organization\"},\"potentialAction\":[{\"@type\":\"SearchAction\",\"target\":{\"@type\":\"EntryPoint\",\"urlTemplate\":\"https:\/\/ki-kfzgutachter.de\/?s={search_term_string}\"},\"query-input\":\"required name=search_term_string\"}],\"inLanguage\":\"de\"},{\"@type\":\"Organization\",\"@id\":\"https:\/\/ki-kfzgutachter.de\/#organization\",\"name\":\"KI-kfzgutachter\",\"url\":\"https:\/\/ki-kfzgutachter.de\/\",\"logo\":{\"@type\":\"ImageObject\",\"inLanguage\":\"de\",\"@id\":\"https:\/\/ki-kfzgutachter.de\/#\/schema\/logo\/image\/\",\"url\":\"\",\"contentUrl\":\"\",\"caption\":\"KI-kfzgutachter\"},\"image\":{\"@id\":\"https:\/\/ki-kfzgutachter.de\/#\/schema\/logo\/image\/\"}}]}<\/script>\n<!-- \/ Yoast SEO plugin. -->","yoast_head_json":{"title":"Unsere Geschichte - KI-kfzgutachter","description":"Unsere Geschichte - Wir sind Ayhan Kolcu und Josip Ivanjko, beide gelernte Kraftfahrzeugtechnikermeister mit gemeinsam \u00fcber 50 Jahren Berufserfahrung im Bereich PKW und LKW. Kennengelernt haben wir uns 1998 beim Start unserer Ausbildung zum Kfz-Mechaniker, die wir 2002 mit dem Gesellenbrief beendet haben. Im Jahr 2010 haben wir erfolgreich unsere Pr\u00fcfung zum Kraftfahrzeugtechnikermeister bestanden. Zus\u00e4tzlich haben wir die Weiterbildung zum gepr\u00fcften und anerkannten KFZ-Sachverst\u00e4ndigen bei der Deutsche Sachverst\u00e4ndigen Gesellschaft (DESAG) erfolgreich absolviert. Qualit\u00e4t und Zuverl\u00e4ssigkeit steht bei uns an erster Stelle. Durch unsere langj\u00e4hrige Erfahrung im Werkstattgesch\u00e4ft, unsere Zertifizierung zum gepr\u00fcften Automobil Serviceberater, st\u00e4ndige Weiterbildungen und unser fundiertes Wissen, profitieren Sie im Falle eines Schadens oder einer Bewertung. Wir unterst\u00fctzen Sie f\u00fcr eine reibungslose Schadensregulierung.","robots":{"index":"index","follow":"follow","max-snippet":"max-snippet:-1","max-image-preview":"max-image-preview:large","max-video-preview":"max-video-preview:-1"},"canonical":"https:\/\/ki-kfzgutachter.de\/index.php\/unsere-geschichte\/","og_locale":"de_DE","og_type":"article","og_title":"Unsere Geschichte - KI-kfzgutachter","og_description":"Unsere Geschichte - Wir sind Ayhan Kolcu und Josip Ivanjko, beide gelernte Kraftfahrzeugtechnikermeister mit gemeinsam \u00fcber 50 Jahren Berufserfahrung im Bereich PKW und LKW. Kennengelernt haben wir uns 1998 beim Start unserer Ausbildung zum Kfz-Mechaniker, die wir 2002 mit dem Gesellenbrief beendet haben. Im Jahr 2010 haben wir erfolgreich unsere Pr\u00fcfung zum Kraftfahrzeugtechnikermeister bestanden. Zus\u00e4tzlich haben wir die Weiterbildung zum gepr\u00fcften und anerkannten KFZ-Sachverst\u00e4ndigen bei der Deutsche Sachverst\u00e4ndigen Gesellschaft (DESAG) erfolgreich absolviert. Qualit\u00e4t und Zuverl\u00e4ssigkeit steht bei uns an erster Stelle. Durch unsere langj\u00e4hrige Erfahrung im Werkstattgesch\u00e4ft, unsere Zertifizierung zum gepr\u00fcften Automobil Serviceberater, st\u00e4ndige Weiterbildungen und unser fundiertes Wissen, profitieren Sie im Falle eines Schadens oder einer Bewertung. Wir unterst\u00fctzen Sie f\u00fcr eine reibungslose Schadensregulierung.","og_url":"https:\/\/ki-kfzgutachter.de\/index.php\/unsere-geschichte\/","og_site_name":"KI-kfzgutachter","article_modified_time":"2025-02-23T11:53:07+00:00","og_image":[{"url":"https:\/\/ki-kfzgutachter.de\/wp-content\/uploads\/2025\/02\/Logo_KI_QUADRAT.png"}],"twitter_card":"summary_large_image","twitter_misc":{"Gesch\u00e4tzte Lesezeit":"2\u00a0Minuten"},"schema":{"@context":"https:\/\/schema.org","@graph":[{"@type":"WebPage","@id":"https:\/\/ki-kfzgutachter.de\/index.php\/unsere-geschichte\/","url":"https:\/\/ki-kfzgutachter.de\/index.php\/unsere-geschichte\/","name":"Unsere Geschichte - KI-kfzgutachter","isPartOf":{"@id":"https:\/\/ki-kfzgutachter.de\/#website"},"datePublished":"2023-05-23T07:51:23+00:00","dateModified":"2025-02-23T11:53:07+00:00","description":"Unsere Geschichte - Wir sind Ayhan Kolcu und Josip Ivanjko, beide gelernte Kraftfahrzeugtechnikermeister mit gemeinsam \u00fcber 50 Jahren Berufserfahrung im Bereich PKW und LKW. Kennengelernt haben wir uns 1998 beim Start unserer Ausbildung zum Kfz-Mechaniker, die wir 2002 mit dem Gesellenbrief beendet haben. Im Jahr 2010 haben wir erfolgreich unsere Pr\u00fcfung zum Kraftfahrzeugtechnikermeister bestanden. Zus\u00e4tzlich haben wir die Weiterbildung zum gepr\u00fcften und anerkannten KFZ-Sachverst\u00e4ndigen bei der Deutsche Sachverst\u00e4ndigen Gesellschaft (DESAG) erfolgreich absolviert. Qualit\u00e4t und Zuverl\u00e4ssigkeit steht bei uns an erster Stelle. Durch unsere langj\u00e4hrige Erfahrung im Werkstattgesch\u00e4ft, unsere Zertifizierung zum gepr\u00fcften Automobil Serviceberater, st\u00e4ndige Weiterbildungen und unser fundiertes Wissen, profitieren Sie im Falle eines Schadens oder einer Bewertung. Wir unterst\u00fctzen Sie f\u00fcr eine reibungslose Schadensregulierung.","breadcrumb":{"@id":"https:\/\/ki-kfzgutachter.de\/index.php\/unsere-geschichte\/#breadcrumb"},"inLanguage":"de","potentialAction":[{"@type":"ReadAction","target":["https:\/\/ki-kfzgutachter.de\/index.php\/unsere-geschichte\/"]}]},{"@type":"BreadcrumbList","@id":"https:\/\/ki-kfzgutachter.de\/index.php\/unsere-geschichte\/#breadcrumb","itemListElement":[{"@type":"ListItem","position":1,"name":"Startseite","item":"https:\/\/ki-kfzgutachter.de\/"},{"@type":"ListItem","position":2,"name":"Unsere Geschichte"}]},{"@type":"WebSite","@id":"https:\/\/ki-kfzgutachter.de\/#website","url":"https:\/\/ki-kfzgutachter.de\/","name":"KI-kfzgutachter","description":"","publisher":{"@id":"https:\/\/ki-kfzgutachter.de\/#organization"},"potentialAction":[{"@type":"SearchAction","target":{"@type":"EntryPoint","urlTemplate":"https:\/\/ki-kfzgutachter.de\/?s={search_term_string}"},"query-input":"required name=search_term_string"}],"inLanguage":"de"},{"@type":"Organization","@id":"https:\/\/ki-kfzgutachter.de\/#organization","name":"KI-kfzgutachter","url":"https:\/\/ki-kfzgutachter.de\/","logo":{"@type":"ImageObject","inLanguage":"de","@id":"https:\/\/ki-kfzgutachter.de\/#\/schema\/logo\/image\/","url":"","contentUrl":"","caption":"KI-kfzgutachter"},"image":{"@id":"https:\/\/ki-kfzgutachter.de\/#\/schema\/logo\/image\/"}}]}},"_links":{"self":[{"href":"https:\/\/ki-kfzgutachter.de\/index.php\/wp-json\/wp\/v2\/pages\/8","targetHints":{"allow":["GET"]}}],"collection":[{"href":"https:\/\/ki-kfzgutachter.de\/index.php\/wp-json\/wp\/v2\/pages"}],"about":[{"href":"https:\/\/ki-kfzgutachter.de\/index.php\/wp-json\/wp\/v2\/types\/page"}],"author":[{"embeddable":true,"href":"https:\/\/ki-kfzgutachter.de\/index.php\/wp-json\/wp\/v2\/users\/1"}],"replies":[{"embeddable":true,"href":"https:\/\/ki-kfzgutachter.de\/index.php\/wp-json\/wp\/v2\/comments?post=8"}],"version-history":[{"count":27,"href":"https:\/\/ki-kfzgutachter.de\/index.php\/wp-json\/wp\/v2\/pages\/8\/revisions"}],"predecessor-version":[{"id":190,"href":"https:\/\/ki-kfzgutachter.de\/index.php\/wp-json\/wp\/v2\/pages\/8\/revisions\/190"}],"wp:attachment":[{"href":"https:\/\/ki-kfzgutachter.de\/index.php\/wp-json\/wp\/v2\/media?parent=8"}],"curies":[{"name":"wp","href":"https:\/\/api.w.org\/{rel}","templated":true}]}}