{"id":9,"date":"2023-05-23T07:51:23","date_gmt":"2023-05-23T07:51:23","guid":{"rendered":"https:\/\/ki-kfzgutachter.de\/?page_id=9"},"modified":"2023-08-18T08:11:19","modified_gmt":"2023-08-18T08:11:19","slug":"contact","status":"publish","type":"page","link":"https:\/\/ki-kfzgutachter.de\/index.php\/contact\/","title":{"rendered":"Kontakt"},"content":{"rendered":"\n<div class=\"wp-block-cover alignfull\" style=\"min-height:415px;aspect-ratio:unset;\"><span aria-hidden=\"true\" class=\"wp-block-cover__background has-nv-site-bg-background-color has-background-dim-100 has-background-dim\"><\/span><div class=\"wp-block-cover__inner-container is-layout-flow wp-block-cover-is-layout-flow\">\n<h2 class=\"wp-block-heading has-nv-dark-bg-color has-text-color\">Kontaktieren Sie uns<\/h2>\n\n\n\n<p class=\"has-neve-text-color-color has-text-color\">Wir freuen uns \u00fcber Ihr Interesse und stehen Ihnen gerne zur Verf\u00fcgung. Bei Fragen, Terminvereinbarungen oder um mehr \u00fcber unsere Dienstleistungen zu erfahren, kontaktieren Sie uns gerne. Ihre Zufriedenheit und Ihr Vertrauen sind uns wichtig. Unser Ziel ist es Ihnen schnell und kompetent weiterzuhelfen.<\/p>\n<\/div><\/div>\n\n\n\n<div class=\"wp-block-cover alignfull\" style=\"min-height:498px;aspect-ratio:unset;\"><span aria-hidden=\"true\" class=\"wp-block-cover__background has-nv-light-bg-background-color has-background-dim-100 has-background-dim\"><\/span><div class=\"wp-block-cover__inner-container is-layout-flow wp-block-cover-is-layout-flow\">\n<div style=\"height:100px\" aria-hidden=\"true\" class=\"wp-block-spacer\"><\/div>\n\n\n\n<div class=\"wp-block-columns is-layout-flex wp-container-core-columns-is-layout-9d6595d7 wp-block-columns-is-layout-flex\">\n<div class=\"wp-block-column is-layout-flow wp-block-column-is-layout-flow\">\n<div style=\"height:24px\" aria-hidden=\"true\" class=\"wp-block-spacer\"><\/div>\n\n\n<div class=\"wp-block-image icon-style is-style-rounded\">\n<figure class=\"aligncenter is-resized\"><img loading=\"lazy\" decoding=\"async\" src=\"https:\/\/ki-kfzgutachter.de\/wp-content\/themes\/neve\/assets\/img\/starter-content\/icon-05.svg\" alt=\"\" style=\"width:48px;height:48px\" width=\"48\" height=\"48\"\/><\/figure>\n<\/div>\n\n\n<h3 class=\"wp-block-heading has-text-align-center has-neve-text-color-color has-text-color\">Telefon<\/h3>\n\n\n\n<p class=\"has-text-align-center has-neve-text-color-color has-text-color\" style=\"font-size:15px\">+49 (0)1512 3550710<\/p>\n\n\n\n<div style=\"height:24px\" aria-hidden=\"true\" class=\"wp-block-spacer\"><\/div>\n<\/div>\n\n\n\n<div class=\"wp-block-column is-layout-flow wp-block-column-is-layout-flow\">\n<div style=\"height:24px\" aria-hidden=\"true\" class=\"wp-block-spacer\"><\/div>\n\n\n<div class=\"wp-block-image icon-style is-style-rounded\">\n<figure class=\"aligncenter is-resized\"><img loading=\"lazy\" decoding=\"async\" src=\"https:\/\/ki-kfzgutachter.de\/wp-content\/themes\/neve\/assets\/img\/starter-content\/icon-06.svg\" alt=\"\" style=\"width:48px;height:48px\" width=\"48\" height=\"48\"\/><\/figure>\n<\/div>\n\n\n<h3 class=\"wp-block-heading has-text-align-center has-neve-text-color-color has-text-color\">Email<\/h3>\n\n\n\n<p class=\"has-text-align-center has-neve-text-color-color has-text-color\" style=\"font-size:15px\">info@ki-kfzgutachter.de<\/p>\n\n\n\n<div style=\"height:24px\" aria-hidden=\"true\" class=\"wp-block-spacer\"><\/div>\n<\/div>\n\n\n\n<div class=\"wp-block-column is-layout-flow wp-block-column-is-layout-flow\">\n<div style=\"height:24px\" aria-hidden=\"true\" class=\"wp-block-spacer\"><\/div>\n\n\n<div class=\"wp-block-image icon-style is-style-rounded\">\n<figure class=\"aligncenter is-resized\"><img loading=\"lazy\" decoding=\"async\" src=\"https:\/\/ki-kfzgutachter.de\/wp-content\/themes\/neve\/assets\/img\/starter-content\/icon-04.svg\" alt=\"\" style=\"width:48px;height:48px\" width=\"48\" height=\"48\"\/><\/figure>\n<\/div>\n\n\n<h3 class=\"wp-block-heading has-text-align-center has-neve-text-color-color has-text-color\">Standort<\/h3>\n\n\n\n<p class=\"has-text-align-center has-neve-text-color-color has-text-color\" style=\"font-size:15px\">Bielefeld<\/p>\n\n\n\n<div style=\"height:24px\" aria-hidden=\"true\" class=\"wp-block-spacer\"><\/div>\n<\/div>\n<\/div>\n\n\n\n<div style=\"height:30px\" aria-hidden=\"true\" class=\"wp-block-spacer\"><\/div>\n<\/div><\/div>\n\n\n\n<div class=\"wp-block-cover alignfull\" style=\"min-height:600px;aspect-ratio:unset;\"><span aria-hidden=\"true\" class=\"wp-block-cover__background has-nv-dark-bg-background-color has-background-dim-100 has-background-dim\"><\/span><div class=\"wp-block-cover__inner-container is-layout-flow wp-block-cover-is-layout-flow\">\n<div class=\"wp-block-group\"><div class=\"wp-block-group__inner-container is-layout-flow wp-block-group-is-layout-flow\">\n<div style=\"height:80px\" aria-hidden=\"true\" class=\"wp-block-spacer\"><\/div>\n\n\n\n<div class=\"wp-block-columns is-layout-flex wp-container-core-columns-is-layout-9d6595d7 wp-block-columns-is-layout-flex\">\n<div class=\"wp-block-column is-vertically-aligned-center is-layout-flow wp-block-column-is-layout-flow\" style=\"flex-basis:50%\">\n<h2 class=\"wp-block-heading has-nv-text-dark-bg-color has-text-color\">Unser Standort<\/h2>\n\n\n\n<p class=\"has-white-color has-text-color\">Bielefeld<\/p>\n<\/div>\n\n\n\n<div class=\"wp-block-column is-vertically-aligned-center is-layout-flow wp-block-column-is-layout-flow\" style=\"flex-basis:50%\">\n<figure class=\"wp-block-image size-full is-resized\"><img loading=\"lazy\" decoding=\"async\" src=\"https:\/\/ki-kfzgutachter.de\/wp-content\/uploads\/2023\/08\/Bildschirmfoto-2023-08-16-um-13.34.38.jpg\" alt=\"\" class=\"wp-image-130\" style=\"width:582px;height:582px\" width=\"582\" height=\"582\" srcset=\"https:\/\/ki-kfzgutachter.de\/wp-content\/uploads\/2023\/08\/Bildschirmfoto-2023-08-16-um-13.34.38.jpg 1000w, https:\/\/ki-kfzgutachter.de\/wp-content\/uploads\/2023\/08\/Bildschirmfoto-2023-08-16-um-13.34.38-300x300.jpg 300w, https:\/\/ki-kfzgutachter.de\/wp-content\/uploads\/2023\/08\/Bildschirmfoto-2023-08-16-um-13.34.38-150x150.jpg 150w, https:\/\/ki-kfzgutachter.de\/wp-content\/uploads\/2023\/08\/Bildschirmfoto-2023-08-16-um-13.34.38-768x768.jpg 768w\" sizes=\"auto, (max-width: 582px) 100vw, 582px\" \/><\/figure>\n<\/div>\n<\/div>\n\n\n\n<div style=\"height:40px\" aria-hidden=\"true\" class=\"wp-block-spacer\"><\/div>\n<\/div><\/div>\n<\/div><\/div>\n","protected":false},"excerpt":{"rendered":"","protected":false},"author":1,"featured_media":0,"parent":0,"menu_order":0,"comment_status":"closed","ping_status":"closed","template":"","meta":{"neve_meta_sidebar":"","neve_meta_container":"","neve_meta_enable_content_width":"on","neve_meta_content_width":100,"neve_meta_title_alignment":"","neve_meta_author_avatar":"","neve_post_elements_order":"","neve_meta_disable_header":"","neve_meta_disable_footer":"","neve_meta_disable_title":"on","footnotes":""},"class_list":["post-9","page","type-page","status-publish","hentry"],"yoast_head":"<!-- This site is optimized with the Yoast SEO plugin v20.13 - https:\/\/yoast.com\/wordpress\/plugins\/seo\/ -->\n<title>Kontaktieren Sie uns - KI-kfzgutachter<\/title>\n<meta name=\"description\" content=\"Wir freuen uns \u00fcber Ihr Interesse und stehen Ihnen gerne zur Verf\u00fcgung. Bei Fragen oder Terminvereinbarungen, kontaktieren Sie uns gerne.\" \/>\n<meta name=\"robots\" content=\"index, follow, max-snippet:-1, max-image-preview:large, max-video-preview:-1\" \/>\n<link rel=\"canonical\" href=\"https:\/\/ki-kfzgutachter.de\/index.php\/contact\/\" \/>\n<meta property=\"og:locale\" content=\"de_DE\" \/>\n<meta property=\"og:type\" content=\"article\" \/>\n<meta property=\"og:title\" content=\"Kontaktieren Sie uns - KI-kfzgutachter\" \/>\n<meta property=\"og:description\" content=\"Wir freuen uns \u00fcber Ihr Interesse und stehen Ihnen gerne zur Verf\u00fcgung. Bei Fragen oder Terminvereinbarungen, kontaktieren Sie uns gerne.\" \/>\n<meta property=\"og:url\" content=\"https:\/\/ki-kfzgutachter.de\/index.php\/contact\/\" \/>\n<meta property=\"og:site_name\" content=\"KI-kfzgutachter\" \/>\n<meta property=\"article:modified_time\" content=\"2023-08-18T08:11:19+00:00\" \/>\n<meta property=\"og:image\" content=\"https:\/\/ki-kfzgutachter.de\/wp-content\/themes\/neve\/assets\/img\/starter-content\/icon-05.svg\" \/>\n<meta name=\"twitter:card\" content=\"summary_large_image\" \/>\n<meta name=\"twitter:label1\" content=\"Gesch\u00e4tzte Lesezeit\" \/>\n\t<meta name=\"twitter:data1\" content=\"2\u00a0Minuten\" \/>\n<script type=\"application\/ld+json\" class=\"yoast-schema-graph\">{\"@context\":\"https:\/\/schema.org\",\"@graph\":[{\"@type\":\"WebPage\",\"@id\":\"https:\/\/ki-kfzgutachter.de\/index.php\/contact\/\",\"url\":\"https:\/\/ki-kfzgutachter.de\/index.php\/contact\/\",\"name\":\"Kontaktieren Sie uns - KI-kfzgutachter\",\"isPartOf\":{\"@id\":\"https:\/\/ki-kfzgutachter.de\/#website\"},\"datePublished\":\"2023-05-23T07:51:23+00:00\",\"dateModified\":\"2023-08-18T08:11:19+00:00\",\"description\":\"Wir freuen uns \u00fcber Ihr Interesse und stehen Ihnen gerne zur Verf\u00fcgung. Bei Fragen oder Terminvereinbarungen, kontaktieren Sie uns gerne.\",\"breadcrumb\":{\"@id\":\"https:\/\/ki-kfzgutachter.de\/index.php\/contact\/#breadcrumb\"},\"inLanguage\":\"de\",\"potentialAction\":[{\"@type\":\"ReadAction\",\"target\":[\"https:\/\/ki-kfzgutachter.de\/index.php\/contact\/\"]}]},{\"@type\":\"BreadcrumbList\",\"@id\":\"https:\/\/ki-kfzgutachter.de\/index.php\/contact\/#breadcrumb\",\"itemListElement\":[{\"@type\":\"ListItem\",\"position\":1,\"name\":\"Startseite\",\"item\":\"https:\/\/ki-kfzgutachter.de\/\"},{\"@type\":\"ListItem\",\"position\":2,\"name\":\"Kontakt\"}]},{\"@type\":\"WebSite\",\"@id\":\"https:\/\/ki-kfzgutachter.de\/#website\",\"url\":\"https:\/\/ki-kfzgutachter.de\/\",\"name\":\"KI-kfzgutachter\",\"description\":\"\",\"publisher\":{\"@id\":\"https:\/\/ki-kfzgutachter.de\/#organization\"},\"potentialAction\":[{\"@type\":\"SearchAction\",\"target\":{\"@type\":\"EntryPoint\",\"urlTemplate\":\"https:\/\/ki-kfzgutachter.de\/?s={search_term_string}\"},\"query-input\":\"required name=search_term_string\"}],\"inLanguage\":\"de\"},{\"@type\":\"Organization\",\"@id\":\"https:\/\/ki-kfzgutachter.de\/#organization\",\"name\":\"KI-kfzgutachter\",\"url\":\"https:\/\/ki-kfzgutachter.de\/\",\"logo\":{\"@type\":\"ImageObject\",\"inLanguage\":\"de\",\"@id\":\"https:\/\/ki-kfzgutachter.de\/#\/schema\/logo\/image\/\",\"url\":\"\",\"contentUrl\":\"\",\"caption\":\"KI-kfzgutachter\"},\"image\":{\"@id\":\"https:\/\/ki-kfzgutachter.de\/#\/schema\/logo\/image\/\"}}]}<\/script>\n<!-- \/ Yoast SEO plugin. -->","yoast_head_json":{"title":"Kontaktieren Sie uns - KI-kfzgutachter","description":"Wir freuen uns \u00fcber Ihr Interesse und stehen Ihnen gerne zur Verf\u00fcgung. Bei Fragen oder Terminvereinbarungen, kontaktieren Sie uns gerne.","robots":{"index":"index","follow":"follow","max-snippet":"max-snippet:-1","max-image-preview":"max-image-preview:large","max-video-preview":"max-video-preview:-1"},"canonical":"https:\/\/ki-kfzgutachter.de\/index.php\/contact\/","og_locale":"de_DE","og_type":"article","og_title":"Kontaktieren Sie uns - KI-kfzgutachter","og_description":"Wir freuen uns \u00fcber Ihr Interesse und stehen Ihnen gerne zur Verf\u00fcgung. Bei Fragen oder Terminvereinbarungen, kontaktieren Sie uns gerne.","og_url":"https:\/\/ki-kfzgutachter.de\/index.php\/contact\/","og_site_name":"KI-kfzgutachter","article_modified_time":"2023-08-18T08:11:19+00:00","og_image":[{"url":"https:\/\/ki-kfzgutachter.de\/wp-content\/themes\/neve\/assets\/img\/starter-content\/icon-05.svg"}],"twitter_card":"summary_large_image","twitter_misc":{"Gesch\u00e4tzte Lesezeit":"2\u00a0Minuten"},"schema":{"@context":"https:\/\/schema.org","@graph":[{"@type":"WebPage","@id":"https:\/\/ki-kfzgutachter.de\/index.php\/contact\/","url":"https:\/\/ki-kfzgutachter.de\/index.php\/contact\/","name":"Kontaktieren Sie uns - KI-kfzgutachter","isPartOf":{"@id":"https:\/\/ki-kfzgutachter.de\/#website"},"datePublished":"2023-05-23T07:51:23+00:00","dateModified":"2023-08-18T08:11:19+00:00","description":"Wir freuen uns \u00fcber Ihr Interesse und stehen Ihnen gerne zur Verf\u00fcgung. Bei Fragen oder Terminvereinbarungen, kontaktieren Sie uns gerne.","breadcrumb":{"@id":"https:\/\/ki-kfzgutachter.de\/index.php\/contact\/#breadcrumb"},"inLanguage":"de","potentialAction":[{"@type":"ReadAction","target":["https:\/\/ki-kfzgutachter.de\/index.php\/contact\/"]}]},{"@type":"BreadcrumbList","@id":"https:\/\/ki-kfzgutachter.de\/index.php\/contact\/#breadcrumb","itemListElement":[{"@type":"ListItem","position":1,"name":"Startseite","item":"https:\/\/ki-kfzgutachter.de\/"},{"@type":"ListItem","position":2,"name":"Kontakt"}]},{"@type":"WebSite","@id":"https:\/\/ki-kfzgutachter.de\/#website","url":"https:\/\/ki-kfzgutachter.de\/","name":"KI-kfzgutachter","description":"","publisher":{"@id":"https:\/\/ki-kfzgutachter.de\/#organization"},"potentialAction":[{"@type":"SearchAction","target":{"@type":"EntryPoint","urlTemplate":"https:\/\/ki-kfzgutachter.de\/?s={search_term_string}"},"query-input":"required name=search_term_string"}],"inLanguage":"de"},{"@type":"Organization","@id":"https:\/\/ki-kfzgutachter.de\/#organization","name":"KI-kfzgutachter","url":"https:\/\/ki-kfzgutachter.de\/","logo":{"@type":"ImageObject","inLanguage":"de","@id":"https:\/\/ki-kfzgutachter.de\/#\/schema\/logo\/image\/","url":"","contentUrl":"","caption":"KI-kfzgutachter"},"image":{"@id":"https:\/\/ki-kfzgutachter.de\/#\/schema\/logo\/image\/"}}]}},"_links":{"self":[{"href":"https:\/\/ki-kfzgutachter.de\/index.php\/wp-json\/wp\/v2\/pages\/9","targetHints":{"allow":["GET"]}}],"collection":[{"href":"https:\/\/ki-kfzgutachter.de\/index.php\/wp-json\/wp\/v2\/pages"}],"about":[{"href":"https:\/\/ki-kfzgutachter.de\/index.php\/wp-json\/wp\/v2\/types\/page"}],"author":[{"embeddable":true,"href":"https:\/\/ki-kfzgutachter.de\/index.php\/wp-json\/wp\/v2\/users\/1"}],"replies":[{"embeddable":true,"href":"https:\/\/ki-kfzgutachter.de\/index.php\/wp-json\/wp\/v2\/comments?post=9"}],"version-history":[{"count":10,"href":"https:\/\/ki-kfzgutachter.de\/index.php\/wp-json\/wp\/v2\/pages\/9\/revisions"}],"predecessor-version":[{"id":185,"href":"https:\/\/ki-kfzgutachter.de\/index.php\/wp-json\/wp\/v2\/pages\/9\/revisions\/185"}],"wp:attachment":[{"href":"https:\/\/ki-kfzgutachter.de\/index.php\/wp-json\/wp\/v2\/media?parent=9"}],"curies":[{"name":"wp","href":"https:\/\/api.w.org\/{rel}","templated":true}]}}